{"id":7646,"date":"2024-03-29T10:18:02","date_gmt":"2024-03-29T08:18:02","guid":{"rendered":"https:\/\/de-bresser.be\/7646-2\/"},"modified":"2024-08-14T12:32:33","modified_gmt":"2024-08-14T10:32:33","slug":"7646-2","status":"publish","type":"page","link":"https:\/\/de-bresser.be\/fr\/7646-2\/","title":{"rendered":""},"content":{"rendered":"\t\t<div data-elementor-type=\"wp-page\" data-elementor-id=\"7646\" class=\"elementor elementor-7646 elementor-4059\" data-elementor-post-type=\"page\">\n\t\t\t\t<div class=\"elementor-element elementor-element-7ad26984 e-con-full e-flex e-con e-parent\" data-id=\"7ad26984\" data-element_type=\"container\" data-e-type=\"container\" data-settings=\"{&quot;background_background&quot;:&quot;classic&quot;}\">\n\t\t\t\t<div class=\"elementor-element elementor-element-5e76087e elementor-widget elementor-widget-heading\" data-id=\"5e76087e\" data-element_type=\"widget\" data-e-type=\"widget\" data-widget_type=\"heading.default\">\n\t\t\t\t<div class=\"elementor-widget-container\">\n\t\t\t\t\t<h2 class=\"elementor-heading-title elementor-size-default\">Merci pour votre demande<\/h2>\t\t\t\t<\/div>\n\t\t\t\t<\/div>\n\t\t\t\t<\/div>\n\t\t<div class=\"elementor-element elementor-element-0e43ef9 e-flex e-con-boxed e-con e-parent\" data-id=\"0e43ef9\" data-element_type=\"container\" data-e-type=\"container\">\n\t\t\t\t\t<div class=\"e-con-inner\">\n\t\t<div class=\"elementor-element elementor-element-9e1d50f e-con-full e-flex e-con e-child\" data-id=\"9e1d50f\" data-element_type=\"container\" data-e-type=\"container\" data-settings=\"{&quot;background_background&quot;:&quot;classic&quot;}\">\n\t\t\t\t<div class=\"elementor-element elementor-element-0b06033 elementor-align-left elementor-widget-mobile__width-auto elementor-widget elementor-widget-button\" data-id=\"0b06033\" data-element_type=\"widget\" data-e-type=\"widget\" data-widget_type=\"button.default\">\n\t\t\t\t<div class=\"elementor-widget-container\">\n\t\t\t\t\t\t\t\t\t<div class=\"elementor-button-wrapper\">\n\t\t\t\t\t<a class=\"elementor-button elementor-button-link elementor-size-sm\" href=\"tel:0031135282372%20%20\">\n\t\t\t\t\t\t<span class=\"elementor-button-content-wrapper\">\n\t\t\t\t\t\t\t\t\t<span class=\"elementor-button-text\">+31 (0)13 52 82 372  <\/span>\n\t\t\t\t\t<\/span>\n\t\t\t\t\t<\/a>\n\t\t\t\t<\/div>\n\t\t\t\t\t\t\t\t<\/div>\n\t\t\t\t<\/div>\n\t\t\t\t<div class=\"elementor-element elementor-element-9830c3a elementor-widget-mobile__width-auto elementor-widget-divider--view-line elementor-widget elementor-widget-divider\" data-id=\"9830c3a\" data-element_type=\"widget\" data-e-type=\"widget\" data-widget_type=\"divider.default\">\n\t\t\t\t<div class=\"elementor-widget-container\">\n\t\t\t\t\t\t\t<div class=\"elementor-divider\">\n\t\t\t<span class=\"elementor-divider-separator\">\n\t\t\t\t\t\t<\/span>\n\t\t<\/div>\n\t\t\t\t\t\t<\/div>\n\t\t\t\t<\/div>\n\t\t\t\t<div class=\"elementor-element elementor-element-2b033d5 elementor-align-right elementor-widget-mobile__width-auto elementor-widget elementor-widget-button\" data-id=\"2b033d5\" data-element_type=\"widget\" data-e-type=\"widget\" data-widget_type=\"button.default\">\n\t\t\t\t<div class=\"elementor-widget-container\">\n\t\t\t\t\t\t\t\t\t<div class=\"elementor-button-wrapper\">\n\t\t\t\t\t<a class=\"elementor-button elementor-button-link elementor-size-sm\" href=\"mailto:info@de-bresser.be\">\n\t\t\t\t\t\t<span class=\"elementor-button-content-wrapper\">\n\t\t\t\t\t\t\t\t\t<span class=\"elementor-button-text\">info@de-bresser.be<\/span>\n\t\t\t\t\t<\/span>\n\t\t\t\t\t<\/a>\n\t\t\t\t<\/div>\n\t\t\t\t\t\t\t\t<\/div>\n\t\t\t\t<\/div>\n\t\t\t\t<\/div>\n\t\t\t\t\t<\/div>\n\t\t\t\t<\/div>\n\t\t<div class=\"elementor-element elementor-element-3046a19e e-flex e-con-boxed e-con e-parent\" data-id=\"3046a19e\" data-element_type=\"container\" data-e-type=\"container\">\n\t\t\t\t\t<div class=\"e-con-inner\">\n\t\t<div class=\"elementor-element elementor-element-6a8bf33c e-flex e-con-boxed e-con e-child\" data-id=\"6a8bf33c\" data-element_type=\"container\" data-e-type=\"container\">\n\t\t\t\t\t<div class=\"e-con-inner\">\n\t\t\t\t<div class=\"elementor-element elementor-element-561fc12 elementor-widget elementor-widget-heading\" data-id=\"561fc12\" data-element_type=\"widget\" data-e-type=\"widget\" data-widget_type=\"heading.default\">\n\t\t\t\t<div class=\"elementor-widget-container\">\n\t\t\t\t\t<h2 class=\"elementor-heading-title elementor-size-default\">Merci pour votre demande<\/h2>\t\t\t\t<\/div>\n\t\t\t\t<\/div>\n\t\t\t\t<div class=\"elementor-element elementor-element-19817b21 elementor-widget elementor-widget-text-editor\" data-id=\"19817b21\" data-element_type=\"widget\" data-e-type=\"widget\" data-widget_type=\"text-editor.default\">\n\t\t\t\t<div class=\"elementor-widget-container\">\n\t\t\t\t\t\t\t\t\t<p>Merci pour votre message. Nous vous r\u00e9pondrons dans les plus brefs d\u00e9lais.<\/p>\n\t\t\t\t\t\t\t\t<\/div>\n\t\t\t\t<\/div>\n\t\t\t\t\t<\/div>\n\t\t\t\t<\/div>\n\t\t\t\t\t<\/div>\n\t\t\t\t<\/div>\n\t\t<div class=\"elementor-element elementor-element-6b35babe e-flex e-con-boxed e-con e-parent\" data-id=\"6b35babe\" data-element_type=\"container\" data-e-type=\"container\" data-settings=\"{&quot;background_background&quot;:&quot;gradient&quot;}\">\n\t\t\t\t\t<div class=\"e-con-inner\">\n\t\t<div class=\"elementor-element elementor-element-47ba7a3c e-flex e-con-boxed e-con e-child\" data-id=\"47ba7a3c\" data-element_type=\"container\" data-e-type=\"container\" data-settings=\"{&quot;background_background&quot;:&quot;classic&quot;}\">\n\t\t\t\t\t<div class=\"e-con-inner\">\n\t\t<div class=\"elementor-element elementor-element-31264647 e-con-full e-flex e-con e-child\" data-id=\"31264647\" data-element_type=\"container\" data-e-type=\"container\">\n\t\t\t\t<div class=\"elementor-element elementor-element-498e1342 elementor-absolute elementor-hidden-mobile elementor-widget elementor-widget-image\" data-id=\"498e1342\" data-element_type=\"widget\" data-e-type=\"widget\" data-settings=\"{&quot;_position&quot;:&quot;absolute&quot;}\" data-widget_type=\"image.default\">\n\t\t\t\t<div class=\"elementor-widget-container\">\n\t\t\t\t\t\t\t\t\t\t\t\t\t\t\t<img fetchpriority=\"high\" decoding=\"async\" width=\"336\" height=\"506\" src=\"https:\/\/de-bresser.be\/wp-content\/uploads\/2024\/03\/De-Bresser-Transport-Contact-e1711724004960.png\" class=\"attachment-large size-large wp-image-7569\" alt=\"\" srcset=\"https:\/\/de-bresser.be\/wp-content\/uploads\/2024\/03\/De-Bresser-Transport-Contact-e1711724004960.png 336w, https:\/\/de-bresser.be\/wp-content\/uploads\/2024\/03\/De-Bresser-Transport-Contact-e1711724004960-199x300.png 199w\" sizes=\"(max-width: 336px) 100vw, 336px\" \/>\t\t\t\t\t\t\t\t\t\t\t\t\t\t\t<\/div>\n\t\t\t\t<\/div>\n\t\t\t\t<\/div>\n\t\t<div class=\"elementor-element elementor-element-44a85506 e-flex e-con-boxed e-con e-child\" data-id=\"44a85506\" data-element_type=\"container\" data-e-type=\"container\">\n\t\t\t\t\t<div class=\"e-con-inner\">\n\t\t\t\t<div class=\"elementor-element elementor-element-2bd92ed7 elementor-widget elementor-widget-heading\" data-id=\"2bd92ed7\" data-element_type=\"widget\" data-e-type=\"widget\" data-widget_type=\"heading.default\">\n\t\t\t\t<div class=\"elementor-widget-container\">\n\t\t\t\t\t<h2 class=\"elementor-heading-title elementor-size-default\">Vous \u00eates curieux de savoir ce que nous pouvons vous apporter ?<\/h2>\t\t\t\t<\/div>\n\t\t\t\t<\/div>\n\t\t\t\t<div class=\"elementor-element elementor-element-7fe5877a elementor-shape-circle e-grid-align-left elementor-grid-0 elementor-widget elementor-widget-social-icons\" data-id=\"7fe5877a\" data-element_type=\"widget\" data-e-type=\"widget\" data-widget_type=\"social-icons.default\">\n\t\t\t\t<div class=\"elementor-widget-container\">\n\t\t\t\t\t\t\t<div class=\"elementor-social-icons-wrapper elementor-grid\" role=\"list\">\n\t\t\t\t\t\t\t<span class=\"elementor-grid-item\" role=\"listitem\">\n\t\t\t\t\t<a class=\"elementor-icon elementor-social-icon elementor-social-icon-phone-alt elementor-repeater-item-081549a\" href=\"tel:0031135282372\" target=\"_blank\">\n\t\t\t\t\t\t<span class=\"elementor-screen-only\">Phone-alt<\/span>\n\t\t\t\t\t\t<svg aria-hidden=\"true\" class=\"e-font-icon-svg e-fas-phone-alt\" viewBox=\"0 0 512 512\" xmlns=\"http:\/\/www.w3.org\/2000\/svg\"><path d=\"M497.39 361.8l-112-48a24 24 0 0 0-28 6.9l-49.6 60.6A370.66 370.66 0 0 1 130.6 204.11l60.6-49.6a23.94 23.94 0 0 0 6.9-28l-48-112A24.16 24.16 0 0 0 122.6.61l-104 24A24 24 0 0 0 0 48c0 256.5 207.9 464 464 464a24 24 0 0 0 23.4-18.6l24-104a24.29 24.29 0 0 0-14.01-27.6z\"><\/path><\/svg>\t\t\t\t\t<\/a>\n\t\t\t\t<\/span>\n\t\t\t\t\t\t\t<span class=\"elementor-grid-item\" role=\"listitem\">\n\t\t\t\t\t<a class=\"elementor-icon elementor-social-icon elementor-social-icon-envelope elementor-repeater-item-5d813f8\" href=\"mailto:info@de-bresser.be\" target=\"_blank\">\n\t\t\t\t\t\t<span class=\"elementor-screen-only\">Envelope<\/span>\n\t\t\t\t\t\t<svg aria-hidden=\"true\" class=\"e-font-icon-svg e-fas-envelope\" viewBox=\"0 0 512 512\" xmlns=\"http:\/\/www.w3.org\/2000\/svg\"><path d=\"M502.3 190.8c3.9-3.1 9.7-.2 9.7 4.7V400c0 26.5-21.5 48-48 48H48c-26.5 0-48-21.5-48-48V195.6c0-5 5.7-7.8 9.7-4.7 22.4 17.4 52.1 39.5 154.1 113.6 21.1 15.4 56.7 47.8 92.2 47.6 35.7.3 72-32.8 92.3-47.6 102-74.1 131.6-96.3 154-113.7zM256 320c23.2.4 56.6-29.2 73.4-41.4 132.7-96.3 142.8-104.7 173.4-128.7 5.8-4.5 9.2-11.5 9.2-18.9v-19c0-26.5-21.5-48-48-48H48C21.5 64 0 85.5 0 112v19c0 7.4 3.4 14.3 9.2 18.9 30.6 23.9 40.7 32.4 173.4 128.7 16.8 12.2 50.2 41.8 73.4 41.4z\"><\/path><\/svg>\t\t\t\t\t<\/a>\n\t\t\t\t<\/span>\n\t\t\t\t\t\t\t<span class=\"elementor-grid-item\" role=\"listitem\">\n\t\t\t\t\t<a class=\"elementor-icon elementor-social-icon elementor-social-icon-map-marker-alt elementor-repeater-item-a749e8a\" href=\"https:\/\/maps.app.goo.gl\/fiTtYM83db5SjHLLA\" target=\"_blank\">\n\t\t\t\t\t\t<span class=\"elementor-screen-only\">Map-marker-alt<\/span>\n\t\t\t\t\t\t<svg aria-hidden=\"true\" class=\"e-font-icon-svg e-fas-map-marker-alt\" viewBox=\"0 0 384 512\" xmlns=\"http:\/\/www.w3.org\/2000\/svg\"><path d=\"M172.268 501.67C26.97 291.031 0 269.413 0 192 0 85.961 85.961 0 192 0s192 85.961 192 192c0 77.413-26.97 99.031-172.268 309.67-9.535 13.774-29.93 13.773-39.464 0zM192 272c44.183 0 80-35.817 80-80s-35.817-80-80-80-80 35.817-80 80 35.817 80 80 80z\"><\/path><\/svg>\t\t\t\t\t<\/a>\n\t\t\t\t<\/span>\n\t\t\t\t\t<\/div>\n\t\t\t\t\t\t<\/div>\n\t\t\t\t<\/div>\n\t\t\t\t<div class=\"elementor-element elementor-element-32b84cd1 elementor-position-inline-start elementor-view-default elementor-mobile-position-block-start elementor-widget elementor-widget-icon-box\" data-id=\"32b84cd1\" data-element_type=\"widget\" data-e-type=\"widget\" data-widget_type=\"icon-box.default\">\n\t\t\t\t<div class=\"elementor-widget-container\">\n\t\t\t\t\t\t\t<div class=\"elementor-icon-box-wrapper\">\n\n\t\t\t\t\t\t<div class=\"elementor-icon-box-icon\">\n\t\t\t\t<a href=\"https:\/\/de-bresser.be\/duurzaam-verhuizen\/\" class=\"elementor-icon\" tabindex=\"-1\" aria-label=\"Contactez-nous\">\n\t\t\t\t<svg aria-hidden=\"true\" class=\"e-font-icon-svg e-fas-angle-right\" viewBox=\"0 0 256 512\" xmlns=\"http:\/\/www.w3.org\/2000\/svg\"><path d=\"M224.3 273l-136 136c-9.4 9.4-24.6 9.4-33.9 0l-22.6-22.6c-9.4-9.4-9.4-24.6 0-33.9l96.4-96.4-96.4-96.4c-9.4-9.4-9.4-24.6 0-33.9L54.3 103c9.4-9.4 24.6-9.4 33.9 0l136 136c9.5 9.4 9.5 24.6.1 34z\"><\/path><\/svg>\t\t\t\t<\/a>\n\t\t\t<\/div>\n\t\t\t\n\t\t\t\t\t\t<div class=\"elementor-icon-box-content\">\n\n\t\t\t\t\t\t\t\t\t<span class=\"elementor-icon-box-title\">\n\t\t\t\t\t\t<a href=\"https:\/\/de-bresser.be\/duurzaam-verhuizen\/\" >\n\t\t\t\t\t\t\tContactez-nous\t\t\t\t\t\t<\/a>\n\t\t\t\t\t<\/span>\n\t\t\t\t\n\t\t\t\t\n\t\t\t<\/div>\n\t\t\t\n\t\t<\/div>\n\t\t\t\t\t\t<\/div>\n\t\t\t\t<\/div>\n\t\t\t\t\t<\/div>\n\t\t\t\t<\/div>\n\t\t\t\t\t<\/div>\n\t\t\t\t<\/div>\n\t\t\t\t\t<\/div>\n\t\t\t\t<\/div>\n\t\t\t\t<\/div>\n\t\t","protected":false},"excerpt":{"rendered":"<p>Merci pour votre demande +31 (0)13 52 82 372 info@de-bresser.be Merci pour votre demande Merci pour votre message. Nous vous r\u00e9pondrons dans les plus brefs d\u00e9lais. Vous \u00eates curieux de savoir ce que nous pouvons vous apporter ? Phone-alt Envelope Map-marker-alt Contactez-nous<\/p>\n","protected":false},"author":1,"featured_media":0,"parent":0,"menu_order":0,"comment_status":"closed","ping_status":"closed","template":"","meta":{"_acf_changed":false,"footnotes":""},"class_list":["post-7646","page","type-page","status-publish","hentry"],"acf":[],"yoast_head":"<!-- This site is optimized with the Yoast SEO plugin v27.3 - https:\/\/yoast.com\/product\/yoast-seo-wordpress\/ -->\n<title>- De Bresser Belgi\u00eb<\/title>\n<meta name=\"robots\" content=\"index, follow, max-snippet:-1, max-image-preview:large, max-video-preview:-1\" \/>\n<link rel=\"canonical\" href=\"https:\/\/de-bresser.be\/fr\/7646-2\/\" \/>\n<meta property=\"og:locale\" content=\"fr_FR\" \/>\n<meta property=\"og:type\" content=\"article\" \/>\n<meta property=\"og:title\" content=\"- De Bresser Belgi\u00eb\" \/>\n<meta property=\"og:description\" content=\"Merci pour votre demande +31 (0)13 52 82 372 info@de-bresser.be Merci pour votre demande Merci pour votre message. Nous vous r\u00e9pondrons dans les plus brefs d\u00e9lais. Vous \u00eates curieux de savoir ce que nous pouvons vous apporter ? Phone-alt Envelope Map-marker-alt Contactez-nous\" \/>\n<meta property=\"og:url\" content=\"https:\/\/de-bresser.be\/fr\/7646-2\/\" \/>\n<meta property=\"og:site_name\" content=\"De Bresser Belgi\u00eb\" \/>\n<meta property=\"article:publisher\" content=\"https:\/\/www.facebook.com\/debresserverhuizingen\" \/>\n<meta property=\"article:modified_time\" content=\"2024-08-14T10:32:33+00:00\" \/>\n<meta property=\"og:image\" content=\"https:\/\/de-bresser.be\/wp-content\/uploads\/2024\/03\/De-Bresser-Transport-Contact-e1711724004960.png\" \/>\n<meta name=\"twitter:card\" content=\"summary_large_image\" \/>\n<script type=\"application\/ld+json\" class=\"yoast-schema-graph\">{\"@context\":\"https:\\\/\\\/schema.org\",\"@graph\":[{\"@type\":\"WebPage\",\"@id\":\"https:\\\/\\\/de-bresser.be\\\/fr\\\/7646-2\\\/\",\"url\":\"https:\\\/\\\/de-bresser.be\\\/fr\\\/7646-2\\\/\",\"name\":\"- De Bresser Belgi\u00eb\",\"isPartOf\":{\"@id\":\"https:\\\/\\\/de-bresser.be\\\/#website\"},\"primaryImageOfPage\":{\"@id\":\"https:\\\/\\\/de-bresser.be\\\/fr\\\/7646-2\\\/#primaryimage\"},\"image\":{\"@id\":\"https:\\\/\\\/de-bresser.be\\\/fr\\\/7646-2\\\/#primaryimage\"},\"thumbnailUrl\":\"https:\\\/\\\/de-bresser.be\\\/wp-content\\\/uploads\\\/2024\\\/03\\\/De-Bresser-Transport-Contact-e1711724004960.png\",\"datePublished\":\"2024-03-29T08:18:02+00:00\",\"dateModified\":\"2024-08-14T10:32:33+00:00\",\"inLanguage\":\"fr-FR\",\"potentialAction\":[{\"@type\":\"ReadAction\",\"target\":[\"https:\\\/\\\/de-bresser.be\\\/fr\\\/7646-2\\\/\"]}]},{\"@type\":\"ImageObject\",\"inLanguage\":\"fr-FR\",\"@id\":\"https:\\\/\\\/de-bresser.be\\\/fr\\\/7646-2\\\/#primaryimage\",\"url\":\"https:\\\/\\\/de-bresser.be\\\/wp-content\\\/uploads\\\/2024\\\/03\\\/De-Bresser-Transport-Contact-e1711724004960.png\",\"contentUrl\":\"https:\\\/\\\/de-bresser.be\\\/wp-content\\\/uploads\\\/2024\\\/03\\\/De-Bresser-Transport-Contact-e1711724004960.png\"},{\"@type\":\"WebSite\",\"@id\":\"https:\\\/\\\/de-bresser.be\\\/#website\",\"url\":\"https:\\\/\\\/de-bresser.be\\\/\",\"name\":\"De Bresser\",\"description\":\"Transport, Verhuizingen, Opslag en Logistiek\",\"publisher\":{\"@id\":\"https:\\\/\\\/de-bresser.be\\\/#organization\"},\"potentialAction\":[{\"@type\":\"SearchAction\",\"target\":{\"@type\":\"EntryPoint\",\"urlTemplate\":\"https:\\\/\\\/de-bresser.be\\\/?s={search_term_string}\"},\"query-input\":{\"@type\":\"PropertyValueSpecification\",\"valueRequired\":true,\"valueName\":\"search_term_string\"}}],\"inLanguage\":\"fr-FR\"},{\"@type\":\"Organization\",\"@id\":\"https:\\\/\\\/de-bresser.be\\\/#organization\",\"name\":\"De Bresser\",\"url\":\"https:\\\/\\\/de-bresser.be\\\/\",\"logo\":{\"@type\":\"ImageObject\",\"inLanguage\":\"fr-FR\",\"@id\":\"https:\\\/\\\/de-bresser.be\\\/#\\\/schema\\\/logo\\\/image\\\/\",\"url\":\"http:\\\/\\\/de-bresser.be\\\/wp-content\\\/uploads\\\/2024\\\/03\\\/De-Bresser-Logo-2024.png\",\"contentUrl\":\"http:\\\/\\\/de-bresser.be\\\/wp-content\\\/uploads\\\/2024\\\/03\\\/De-Bresser-Logo-2024.png\",\"width\":2809,\"height\":2777,\"caption\":\"De Bresser\"},\"image\":{\"@id\":\"https:\\\/\\\/de-bresser.be\\\/#\\\/schema\\\/logo\\\/image\\\/\"},\"sameAs\":[\"https:\\\/\\\/www.facebook.com\\\/debresserverhuizingen\",\"https:\\\/\\\/www.linkedin.com\\\/company\\\/debresser-verhuizingen-logistiek\\\/\"]}]}<\/script>\n<!-- \/ Yoast SEO plugin. -->","yoast_head_json":{"title":"- De Bresser Belgi\u00eb","robots":{"index":"index","follow":"follow","max-snippet":"max-snippet:-1","max-image-preview":"max-image-preview:large","max-video-preview":"max-video-preview:-1"},"canonical":"https:\/\/de-bresser.be\/fr\/7646-2\/","og_locale":"fr_FR","og_type":"article","og_title":"- De Bresser Belgi\u00eb","og_description":"Merci pour votre demande +31 (0)13 52 82 372 info@de-bresser.be Merci pour votre demande Merci pour votre message. Nous vous r\u00e9pondrons dans les plus brefs d\u00e9lais. Vous \u00eates curieux de savoir ce que nous pouvons vous apporter ? Phone-alt Envelope Map-marker-alt Contactez-nous","og_url":"https:\/\/de-bresser.be\/fr\/7646-2\/","og_site_name":"De Bresser Belgi\u00eb","article_publisher":"https:\/\/www.facebook.com\/debresserverhuizingen","article_modified_time":"2024-08-14T10:32:33+00:00","og_image":[{"url":"https:\/\/de-bresser.be\/wp-content\/uploads\/2024\/03\/De-Bresser-Transport-Contact-e1711724004960.png","type":"","width":"","height":""}],"twitter_card":"summary_large_image","schema":{"@context":"https:\/\/schema.org","@graph":[{"@type":"WebPage","@id":"https:\/\/de-bresser.be\/fr\/7646-2\/","url":"https:\/\/de-bresser.be\/fr\/7646-2\/","name":"- De Bresser Belgi\u00eb","isPartOf":{"@id":"https:\/\/de-bresser.be\/#website"},"primaryImageOfPage":{"@id":"https:\/\/de-bresser.be\/fr\/7646-2\/#primaryimage"},"image":{"@id":"https:\/\/de-bresser.be\/fr\/7646-2\/#primaryimage"},"thumbnailUrl":"https:\/\/de-bresser.be\/wp-content\/uploads\/2024\/03\/De-Bresser-Transport-Contact-e1711724004960.png","datePublished":"2024-03-29T08:18:02+00:00","dateModified":"2024-08-14T10:32:33+00:00","inLanguage":"fr-FR","potentialAction":[{"@type":"ReadAction","target":["https:\/\/de-bresser.be\/fr\/7646-2\/"]}]},{"@type":"ImageObject","inLanguage":"fr-FR","@id":"https:\/\/de-bresser.be\/fr\/7646-2\/#primaryimage","url":"https:\/\/de-bresser.be\/wp-content\/uploads\/2024\/03\/De-Bresser-Transport-Contact-e1711724004960.png","contentUrl":"https:\/\/de-bresser.be\/wp-content\/uploads\/2024\/03\/De-Bresser-Transport-Contact-e1711724004960.png"},{"@type":"WebSite","@id":"https:\/\/de-bresser.be\/#website","url":"https:\/\/de-bresser.be\/","name":"De Bresser","description":"Transport, Verhuizingen, Opslag en Logistiek","publisher":{"@id":"https:\/\/de-bresser.be\/#organization"},"potentialAction":[{"@type":"SearchAction","target":{"@type":"EntryPoint","urlTemplate":"https:\/\/de-bresser.be\/?s={search_term_string}"},"query-input":{"@type":"PropertyValueSpecification","valueRequired":true,"valueName":"search_term_string"}}],"inLanguage":"fr-FR"},{"@type":"Organization","@id":"https:\/\/de-bresser.be\/#organization","name":"De Bresser","url":"https:\/\/de-bresser.be\/","logo":{"@type":"ImageObject","inLanguage":"fr-FR","@id":"https:\/\/de-bresser.be\/#\/schema\/logo\/image\/","url":"http:\/\/de-bresser.be\/wp-content\/uploads\/2024\/03\/De-Bresser-Logo-2024.png","contentUrl":"http:\/\/de-bresser.be\/wp-content\/uploads\/2024\/03\/De-Bresser-Logo-2024.png","width":2809,"height":2777,"caption":"De Bresser"},"image":{"@id":"https:\/\/de-bresser.be\/#\/schema\/logo\/image\/"},"sameAs":["https:\/\/www.facebook.com\/debresserverhuizingen","https:\/\/www.linkedin.com\/company\/debresser-verhuizingen-logistiek\/"]}]}},"_links":{"self":[{"href":"https:\/\/de-bresser.be\/fr\/wp-json\/wp\/v2\/pages\/7646","targetHints":{"allow":["GET"]}}],"collection":[{"href":"https:\/\/de-bresser.be\/fr\/wp-json\/wp\/v2\/pages"}],"about":[{"href":"https:\/\/de-bresser.be\/fr\/wp-json\/wp\/v2\/types\/page"}],"author":[{"embeddable":true,"href":"https:\/\/de-bresser.be\/fr\/wp-json\/wp\/v2\/users\/1"}],"replies":[{"embeddable":true,"href":"https:\/\/de-bresser.be\/fr\/wp-json\/wp\/v2\/comments?post=7646"}],"version-history":[{"count":1,"href":"https:\/\/de-bresser.be\/fr\/wp-json\/wp\/v2\/pages\/7646\/revisions"}],"predecessor-version":[{"id":7647,"href":"https:\/\/de-bresser.be\/fr\/wp-json\/wp\/v2\/pages\/7646\/revisions\/7647"}],"wp:attachment":[{"href":"https:\/\/de-bresser.be\/fr\/wp-json\/wp\/v2\/media?parent=7646"}],"curies":[{"name":"wp","href":"https:\/\/api.w.org\/{rel}","templated":true}]}}